{"id":68,"date":"2024-02-08T11:57:24","date_gmt":"2024-02-08T11:57:24","guid":{"rendered":"https:\/\/lavanderiaica.com\/2025\/?page_id=68"},"modified":"2024-02-08T11:57:24","modified_gmt":"2024-02-08T11:57:24","slug":"about-us","status":"publish","type":"page","link":"https:\/\/lavanderiaica.com\/2025\/about-us\/","title":{"rendered":"About Us"},"content":{"rendered":"<div id=\"pl-68\"  class=\"panel-layout\" ><div id=\"pg-68-0\"  class=\"panel-grid panel-has-style\" ><div class=\"panel-row-style panel-row-style-for-68-0\" ><div id=\"pgc-68-0-0\"  class=\"panel-grid-cell\" ><div class=\"panel-cell-style panel-cell-style-for-68-0-0\" ><div id=\"panel-68-0-0-0\" class=\"so-panel widget widget_sow-image panel-first-child panel-last-child\" data-index=\"0\" ><div class=\"panel-widget-style panel-widget-style-for-68-0-0-0\" ><div\n\t\t\t\n\t\t\tclass=\"so-widget-sow-image so-widget-sow-image-default-15be6fc1a39e-68\"\n\t\t\t\n\t\t>\n<div class=\"sow-image-container\">\n\t\t<img \n\tsrc=\"https:\/\/lavanderiaica.com\/2025\/wp-content\/uploads\/2024\/02\/AboutUsPhotoTall.jpg\" width=\"400\" height=\"533\" srcset=\"https:\/\/lavanderiaica.com\/2025\/wp-content\/uploads\/2024\/02\/AboutUsPhotoTall.jpg 400w, https:\/\/lavanderiaica.com\/2025\/wp-content\/uploads\/2024\/02\/AboutUsPhotoTall-225x300.jpg 225w\" sizes=\"(max-width: 400px) 100vw, 400px\" title=\"About Us\" alt=\"\" \t\tclass=\"so-widget-image\"\/>\n\t<\/div>\n\n<\/div><\/div><\/div><\/div><\/div><div id=\"pgc-68-0-1\"  class=\"panel-grid-cell\" ><div class=\"panel-cell-style panel-cell-style-for-68-0-1\" ><div id=\"panel-68-0-1-0\" class=\"so-panel widget widget_siteorigin-panels-builder panel-first-child\" data-index=\"1\" ><div class=\"panel-widget-style panel-widget-style-for-68-0-1-0\" ><div id=\"pl-w65c4c1a4172fc\"  class=\"panel-layout\" ><div id=\"pg-w65c4c1a4172fc-0\"  class=\"panel-grid panel-no-style\" ><div id=\"pgc-w65c4c1a4172fc-0-0\"  class=\"panel-grid-cell\" ><div id=\"panel-w65c4c1a4172fc-0-0-0\" class=\"so-panel widget widget_text panel-first-child panel-last-child\" data-index=\"0\" >\t\t\t<div class=\"textwidget\"><p>International Camping Assistance (ICA) offers support &amp; services to European Camping Tour Operators and agencies in the Catalunya, Andorra, Rousillion &amp; Languedoc regions. We offer Industrial laundry &amp; linen hire service, storage solutions, and mobile home cleaning.<br \/>\nICA laundry has been operating since April 2001. We supply our linen, towels and our laundry service to all the major camping tour operators in Spain and many in the south of France.<br \/>\nWe also work with a number of letting agencies in the Costa Brava region.<br \/>\nOur background is the camping tour operation, so we understand what you need at the \u201csharp end\u201d of the business.<\/p>\n<p>International Camping Assistance (ICA) ofereix suport i serveis als operadors i ag\u00e8ncies tur\u00edstiques de c\u00e0mping europeus a les regions de Catalunya, Andorra, Rossell\u00f3 i Llenguadoc. Oferim servei de bugaderia industrial i lloguer de roba, solucions d&#8217;emmagatzematge i neteja de cases m\u00f2bils.<br \/>\nLa bugaderia ICA funciona des de l&#8217;abril de 2001. Subministrem els nostres llen\u00e7ols, tovalloles i el nostre servei de bugaderia a tots els principals operadors tur\u00edstics de c\u00e0mping d&#8217;Espanya i molts del sud de Fran\u00e7a.<br \/>\nTamb\u00e9 treballem amb diverses ag\u00e8ncies de lloguer de la Costa Brava.<br \/>\nEl nostre antecedent \u00e9s l&#8217;operaci\u00f3 d&#8217;excursions d&#8217;acampada, de manera que entenem qu\u00e8 necessiteu a l'&#8221;extrem afilat&#8221; del negoci.<\/p>\n<p>International Camping Assistance (ICA) ofrece soporte y servicios a agencias y operadores tur\u00edsticos de camping europeos en las regiones de Catalu\u00f1a, Andorra, Rousillion y Languedoc. Ofrecemos servicio de alquiler de ropa y lavander\u00eda industrial, soluciones de almacenamiento y limpieza de casas m\u00f3viles.<br \/>\nLa lavander\u00eda ICA funciona desde abril de 2001. Suministramos nuestra ropa de cama, toallas y nuestro servicio de lavander\u00eda a los principales operadores tur\u00edsticos de campings de Espa\u00f1a y a muchos del sur de Francia.<br \/>\nTambi\u00e9n trabajamos con varias agencias de alquiler en la regi\u00f3n de la Costa Brava.<br \/>\nNuestra experiencia es la operaci\u00f3n de tours de campamento, por lo que entendemos lo que usted necesita en el \u201cextremo cr\u00edtico\u201d del negocio.<\/p>\n<\/div>\n\t\t<\/div><\/div><\/div><\/div><\/div><\/div><div id=\"panel-68-0-1-1\" class=\"so-panel widget widget_sow-button panel-last-child\" data-index=\"2\" ><div\n\t\t\t\n\t\t\tclass=\"so-widget-sow-button so-widget-sow-button-flat-bfd3e42c2b7d-68\"\n\t\t\t\n\t\t><div class=\"ow-button-base ow-button-align-left\"\n>\n\t\t\t<a\n\t\t\t\t\thref=\"https:\/\/lavanderiaica.com\/2025\/contact-us\/\"\n\t\t\t\t\tclass=\"sowb-button ow-icon-placement-left ow-button-hover\" \t>\n\t\t<span>\n\t\t\t<span class=\"sow-icon-icomoon\" data-sow-icon=\"&#xea86;\"\n\t\tstyle=\"\" \n\t\taria-hidden=\"true\"><\/span>\n\t\t\tContact us\t\t<\/span>\n\t\t\t<\/a>\n\t<\/div>\n<\/div><\/div><\/div><\/div><\/div><\/div><\/div>","protected":false},"excerpt":{"rendered":"<p>International Camping Assistance (ICA) offers support &amp; services to European Camping Tour Operators and agencies in the Catalunya, Andorra, Rousillion &amp; Languedoc regions. We offer Industrial laundry &amp; linen hire service, storage<a class=\"moretag\" href=\"https:\/\/lavanderiaica.com\/2025\/about-us\/\">Read More&#8230;<\/a><\/p>\n","protected":false},"author":1,"featured_media":0,"parent":0,"menu_order":0,"comment_status":"closed","ping_status":"closed","template":"page-sidebar.php","meta":{"footnotes":""},"class_list":["post-68","page","type-page","status-publish","hentry"],"_links":{"self":[{"href":"https:\/\/lavanderiaica.com\/2025\/wp-json\/wp\/v2\/pages\/68","targetHints":{"allow":["GET"]}}],"collection":[{"href":"https:\/\/lavanderiaica.com\/2025\/wp-json\/wp\/v2\/pages"}],"about":[{"href":"https:\/\/lavanderiaica.com\/2025\/wp-json\/wp\/v2\/types\/page"}],"author":[{"embeddable":true,"href":"https:\/\/lavanderiaica.com\/2025\/wp-json\/wp\/v2\/users\/1"}],"replies":[{"embeddable":true,"href":"https:\/\/lavanderiaica.com\/2025\/wp-json\/wp\/v2\/comments?post=68"}],"version-history":[{"count":1,"href":"https:\/\/lavanderiaica.com\/2025\/wp-json\/wp\/v2\/pages\/68\/revisions"}],"predecessor-version":[{"id":70,"href":"https:\/\/lavanderiaica.com\/2025\/wp-json\/wp\/v2\/pages\/68\/revisions\/70"}],"wp:attachment":[{"href":"https:\/\/lavanderiaica.com\/2025\/wp-json\/wp\/v2\/media?parent=68"}],"curies":[{"name":"wp","href":"https:\/\/api.w.org\/{rel}","templated":true}]}}